{"id":2,"date":"2014-03-07T20:45:38","date_gmt":"2014-03-07T20:45:38","guid":{"rendered":"http:\/\/www.feuerwehr-volkmarode.de\/?page_id=2"},"modified":"2021-04-06T14:43:24","modified_gmt":"2021-04-06T12:43:24","slug":"beispiel-seite","status":"publish","type":"page","link":"https:\/\/www.feuerwehr-volkmarode.de\/","title":{"rendered":"\u00dcber uns"},"content":{"rendered":"\t\t<div data-elementor-type=\"wp-page\" data-elementor-id=\"2\" class=\"elementor elementor-2\" data-elementor-settings=\"[]\">\n\t\t\t\t\t\t<div class=\"elementor-inner\">\n\t\t\t\t\t\t\t<div class=\"elementor-section-wrap\">\n\t\t\t\t\t\t\t<section class=\"elementor-section elementor-top-section elementor-element elementor-element-edd996c elementor-section-boxed elementor-section-height-default elementor-section-height-default\" data-id=\"edd996c\" data-element_type=\"section\">\n\t\t\t\t\t\t<div class=\"elementor-container elementor-column-gap-default\">\n\t\t\t\t\t\t\t<div class=\"elementor-row\">\n\t\t\t\t\t<div class=\"elementor-column elementor-col-100 elementor-top-column elementor-element elementor-element-eda45a3\" data-id=\"eda45a3\" data-element_type=\"column\">\n\t\t\t<div class=\"elementor-column-wrap elementor-element-populated\">\n\t\t\t\t\t\t\t<div class=\"elementor-widget-wrap\">\n\t\t\t\t\t\t<div class=\"elementor-element elementor-element-0a5db21 elementor-widget elementor-widget-heading\" data-id=\"0a5db21\" data-element_type=\"widget\" data-widget_type=\"heading.default\">\n\t\t\t\t<div class=\"elementor-widget-container\">\n\t\t\t<h2 class=\"elementor-heading-title elementor-size-default\">Unsere Aufgabe<\/h2>\t\t<\/div>\n\t\t\t\t<\/div>\n\t\t\t\t\t\t<\/div>\n\t\t\t\t\t<\/div>\n\t\t<\/div>\n\t\t\t\t\t\t\t\t<\/div>\n\t\t\t\t\t<\/div>\n\t\t<\/section>\n\t\t\t\t<section class=\"elementor-section elementor-top-section elementor-element elementor-element-9ba0e58 elementor-section-boxed elementor-section-height-default elementor-section-height-default\" data-id=\"9ba0e58\" data-element_type=\"section\">\n\t\t\t\t\t\t<div class=\"elementor-container elementor-column-gap-default\">\n\t\t\t\t\t\t\t<div class=\"elementor-row\">\n\t\t\t\t\t<div class=\"elementor-column elementor-col-100 elementor-top-column elementor-element elementor-element-4e04bfd\" data-id=\"4e04bfd\" data-element_type=\"column\">\n\t\t\t<div class=\"elementor-column-wrap elementor-element-populated\">\n\t\t\t\t\t\t\t<div class=\"elementor-widget-wrap\">\n\t\t\t\t\t\t<div class=\"elementor-element elementor-element-eb17767 elementor-widget elementor-widget-spacer\" data-id=\"eb17767\" data-element_type=\"widget\" data-widget_type=\"spacer.default\">\n\t\t\t\t<div class=\"elementor-widget-container\">\n\t\t\t\t\t<div class=\"elementor-spacer\">\n\t\t\t<div class=\"elementor-spacer-inner\"><\/div>\n\t\t<\/div>\n\t\t\t\t<\/div>\n\t\t\t\t<\/div>\n\t\t\t\t\t\t<\/div>\n\t\t\t\t\t<\/div>\n\t\t<\/div>\n\t\t\t\t\t\t\t\t<\/div>\n\t\t\t\t\t<\/div>\n\t\t<\/section>\n\t\t\t\t<section class=\"elementor-section elementor-top-section elementor-element elementor-element-3ee35c4 elementor-section-boxed elementor-section-height-default elementor-section-height-default\" data-id=\"3ee35c4\" data-element_type=\"section\">\n\t\t\t\t\t\t<div class=\"elementor-container elementor-column-gap-default\">\n\t\t\t\t\t\t\t<div class=\"elementor-row\">\n\t\t\t\t\t<div class=\"elementor-column elementor-col-33 elementor-top-column elementor-element elementor-element-93799a4\" data-id=\"93799a4\" data-element_type=\"column\">\n\t\t\t<div class=\"elementor-column-wrap elementor-element-populated\">\n\t\t\t\t\t\t\t<div class=\"elementor-widget-wrap\">\n\t\t\t\t\t\t<div class=\"elementor-element elementor-element-1479097 elementor-invisible elementor-widget elementor-widget-heading\" data-id=\"1479097\" data-element_type=\"widget\" data-settings=\"{&quot;_animation&quot;:&quot;fadeInLeft&quot;}\" data-widget_type=\"heading.default\">\n\t\t\t\t<div class=\"elementor-widget-container\">\n\t\t\t<h2 class=\"elementor-heading-title elementor-size-default\">L\u00f6schen<\/h2>\t\t<\/div>\n\t\t\t\t<\/div>\n\t\t\t\t\t\t<\/div>\n\t\t\t\t\t<\/div>\n\t\t<\/div>\n\t\t\t\t<div class=\"elementor-column elementor-col-33 elementor-top-column elementor-element elementor-element-6f3c7b8\" data-id=\"6f3c7b8\" data-element_type=\"column\">\n\t\t\t<div class=\"elementor-column-wrap elementor-element-populated\">\n\t\t\t\t\t\t\t<div class=\"elementor-widget-wrap\">\n\t\t\t\t\t\t<div class=\"elementor-element elementor-element-16771d1 elementor-invisible elementor-widget elementor-widget-image\" data-id=\"16771d1\" data-element_type=\"widget\" data-settings=\"{&quot;_animation&quot;:&quot;fadeInDown&quot;}\" data-widget_type=\"image.default\">\n\t\t\t\t<div class=\"elementor-widget-container\">\n\t\t\t\t\t<div class=\"elementor-image\">\n\t\t\t\t\t\t\t\t\t\t\t<a href=\"https:\/\/www.feuerwehr.niedersachsen.de\/feuerwehr-wiki\/feuerwehr-aufgaben\/\" target=\"_blank\">\n\t\t\t\t\t\t\t<img width=\"768\" height=\"768\" src=\"https:\/\/www.feuerwehr-volkmarode.de\/wp-content\/uploads\/2020\/09\/logo.png\" class=\"attachment-large size-large\" alt=\"\" loading=\"lazy\" srcset=\"https:\/\/www.feuerwehr-volkmarode.de\/wp-content\/uploads\/2020\/09\/logo.png 768w, https:\/\/www.feuerwehr-volkmarode.de\/wp-content\/uploads\/2020\/09\/logo-300x300.png 300w, https:\/\/www.feuerwehr-volkmarode.de\/wp-content\/uploads\/2020\/09\/logo-150x150.png 150w\" sizes=\"(max-width: 768px) 100vw, 768px\" \/>\t\t\t\t\t\t\t\t<\/a>\n\t\t\t\t\t\t\t\t\t\t\t<\/div>\n\t\t\t\t<\/div>\n\t\t\t\t<\/div>\n\t\t\t\t\t\t<\/div>\n\t\t\t\t\t<\/div>\n\t\t<\/div>\n\t\t\t\t<div class=\"elementor-column elementor-col-33 elementor-top-column elementor-element elementor-element-f3e1721\" data-id=\"f3e1721\" data-element_type=\"column\">\n\t\t\t<div class=\"elementor-column-wrap elementor-element-populated\">\n\t\t\t\t\t\t\t<div class=\"elementor-widget-wrap\">\n\t\t\t\t\t\t<div class=\"elementor-element elementor-element-b67518c elementor-invisible elementor-widget elementor-widget-heading\" data-id=\"b67518c\" data-element_type=\"widget\" data-settings=\"{&quot;_animation&quot;:&quot;fadeInRight&quot;}\" data-widget_type=\"heading.default\">\n\t\t\t\t<div class=\"elementor-widget-container\">\n\t\t\t<h2 class=\"elementor-heading-title elementor-size-default\">Bergen<\/h2>\t\t<\/div>\n\t\t\t\t<\/div>\n\t\t\t\t\t\t<\/div>\n\t\t\t\t\t<\/div>\n\t\t<\/div>\n\t\t\t\t\t\t\t\t<\/div>\n\t\t\t\t\t<\/div>\n\t\t<\/section>\n\t\t\t\t<section class=\"elementor-section elementor-top-section elementor-element elementor-element-b9eb40e elementor-section-boxed elementor-section-height-default elementor-section-height-default\" data-id=\"b9eb40e\" data-element_type=\"section\">\n\t\t\t\t\t\t<div class=\"elementor-container elementor-column-gap-default\">\n\t\t\t\t\t\t\t<div class=\"elementor-row\">\n\t\t\t\t\t<div class=\"elementor-column elementor-col-33 elementor-top-column elementor-element elementor-element-b5e29fd\" data-id=\"b5e29fd\" data-element_type=\"column\">\n\t\t\t<div class=\"elementor-column-wrap elementor-element-populated\">\n\t\t\t\t\t\t\t<div class=\"elementor-widget-wrap\">\n\t\t\t\t\t\t<div class=\"elementor-element elementor-element-041a0aa elementor-invisible elementor-widget elementor-widget-heading\" data-id=\"041a0aa\" data-element_type=\"widget\" data-settings=\"{&quot;_animation&quot;:&quot;fadeInLeft&quot;}\" data-widget_type=\"heading.default\">\n\t\t\t\t<div class=\"elementor-widget-container\">\n\t\t\t<h2 class=\"elementor-heading-title elementor-size-default\">Sch\u00fctzen<\/h2>\t\t<\/div>\n\t\t\t\t<\/div>\n\t\t\t\t\t\t<\/div>\n\t\t\t\t\t<\/div>\n\t\t<\/div>\n\t\t\t\t<div class=\"elementor-column elementor-col-33 elementor-top-column elementor-element elementor-element-1bac702\" data-id=\"1bac702\" data-element_type=\"column\">\n\t\t\t<div class=\"elementor-column-wrap\">\n\t\t\t\t\t\t\t<div class=\"elementor-widget-wrap\">\n\t\t\t\t\t\t\t\t<\/div>\n\t\t\t\t\t<\/div>\n\t\t<\/div>\n\t\t\t\t<div class=\"elementor-column elementor-col-33 elementor-top-column elementor-element elementor-element-4dc79fc\" data-id=\"4dc79fc\" data-element_type=\"column\">\n\t\t\t<div class=\"elementor-column-wrap elementor-element-populated\">\n\t\t\t\t\t\t\t<div class=\"elementor-widget-wrap\">\n\t\t\t\t\t\t<div class=\"elementor-element elementor-element-1b94faa elementor-invisible elementor-widget elementor-widget-heading\" data-id=\"1b94faa\" data-element_type=\"widget\" data-settings=\"{&quot;_animation&quot;:&quot;fadeInRight&quot;}\" data-widget_type=\"heading.default\">\n\t\t\t\t<div class=\"elementor-widget-container\">\n\t\t\t<h2 class=\"elementor-heading-title elementor-size-default\">Retten<\/h2>\t\t<\/div>\n\t\t\t\t<\/div>\n\t\t\t\t\t\t<\/div>\n\t\t\t\t\t<\/div>\n\t\t<\/div>\n\t\t\t\t\t\t\t\t<\/div>\n\t\t\t\t\t<\/div>\n\t\t<\/section>\n\t\t\t\t<section class=\"elementor-section elementor-top-section elementor-element elementor-element-6c64f6e elementor-section-boxed elementor-section-height-default elementor-section-height-default\" data-id=\"6c64f6e\" data-element_type=\"section\">\n\t\t\t\t\t\t<div class=\"elementor-container elementor-column-gap-default\">\n\t\t\t\t\t\t\t<div class=\"elementor-row\">\n\t\t\t\t\t<div class=\"elementor-column elementor-col-100 elementor-top-column elementor-element elementor-element-58278ca\" data-id=\"58278ca\" data-element_type=\"column\">\n\t\t\t<div class=\"elementor-column-wrap elementor-element-populated\">\n\t\t\t\t\t\t\t<div class=\"elementor-widget-wrap\">\n\t\t\t\t\t\t<div class=\"elementor-element elementor-element-54a609e elementor-widget elementor-widget-spacer\" data-id=\"54a609e\" data-element_type=\"widget\" data-widget_type=\"spacer.default\">\n\t\t\t\t<div class=\"elementor-widget-container\">\n\t\t\t\t\t<div class=\"elementor-spacer\">\n\t\t\t<div class=\"elementor-spacer-inner\"><\/div>\n\t\t<\/div>\n\t\t\t\t<\/div>\n\t\t\t\t<\/div>\n\t\t\t\t\t\t<\/div>\n\t\t\t\t\t<\/div>\n\t\t<\/div>\n\t\t\t\t\t\t\t\t<\/div>\n\t\t\t\t\t<\/div>\n\t\t<\/section>\n\t\t\t\t<section class=\"elementor-section elementor-top-section elementor-element elementor-element-d67d2a9 elementor-section-boxed elementor-section-height-default elementor-section-height-default\" data-id=\"d67d2a9\" data-element_type=\"section\">\n\t\t\t\t\t\t<div class=\"elementor-container elementor-column-gap-default\">\n\t\t\t\t\t\t\t<div class=\"elementor-row\">\n\t\t\t\t\t<div class=\"elementor-column elementor-col-100 elementor-top-column elementor-element elementor-element-4713797a\" data-id=\"4713797a\" data-element_type=\"column\">\n\t\t\t<div class=\"elementor-column-wrap elementor-element-populated\">\n\t\t\t\t\t\t\t<div class=\"elementor-widget-wrap\">\n\t\t\t\t\t\t<div class=\"elementor-element elementor-element-1b0abac3 elementor-widget elementor-widget-text-editor\" data-id=\"1b0abac3\" data-element_type=\"widget\" data-widget_type=\"text-editor.default\">\n\t\t\t\t<div class=\"elementor-widget-container\">\n\t\t\t\t\t<div class=\"elementor-text-editor elementor-clearfix\"><p><strong style=\"font-size: 1.25em; text-align: center;\">Die Ortsfeuerwehr Volkmarode ist ein fester Bestandteil der Feuerwehr Braunschweig. Im Gegensatz zur Berufsfeuerwehr Braunschweig besteht die Ortsfeuerwehr Volkmarode ausschlie\u00dflich aus ehrenamtlichen Einwohnern des Ortes, bzw. umliegenden D\u00f6rfern.<\/strong><\/p>\n<p><!-- wp:paragraph {\"align\":\"center\"} --><\/p>\n<p class=\"has-text-align-center\">Die Ortsfeuerwehr hat ihren eigenen Zust\u00e4ndigkeitsbereich. Dieser erstreckt sich neben der Ortslage Volkmarode auch auf den Ortsteil <a href=\"http:\/\/www.feuerwehr-schapen.de\/cms\/\/index.php\" target=\"_blank\" rel=\"noreferrer noopener\">Schapen<\/a> und Gliesmarode. \u00a0Hier wird sie, je nach Art und Umfang des Einsatzes, alleine oder gemeinsam mit Kr\u00e4ften der Berufsfeuerwehr eingesetzt. Au\u00dferdem ist die Ortsfeuerwehr im <a href=\"http:\/\/www.feuerwehr-volkmarode.de\/?page_id=94\" target=\"_blank\" rel=\"noreferrer noopener\">L\u00f6schzug 83<\/a> und <a href=\"http:\/\/www.feuerwehr-volkmarode.de\/?page_id=651\" target=\"_blank\" rel=\"noreferrer noopener\">Fachzug 90<\/a> (Wassertransportzug) eingebunden. Bei Gro\u00dfeins\u00e4tzen (z. B. Gro\u00dfbrand, Unwetter, Hochwasser, Gefahrgutunf\u00e4lle, Bombenr\u00e4umungen) oder mehreren Paralleleins\u00e4tzen wird diese im gesamten Stadtgebiet oder \u00fcber\u00f6rtlich bei Katastrophen (z. B. Waldbrand, Hochwasser) eingesetzt.<\/p>\n<p class=\"has-text-align-center\">\u00a0<\/p>\n<p class=\"has-text-align-center\">Neben den allt\u00e4glichen Einsatz- und \u00dcbungsdiensten engagiert sich die Ortsfeuerwehr Volkmarode unter anderem f\u00fcr das allj\u00e4hrliche Maibaumfest am Feuerl\u00f6schteich.<br \/><br \/><\/p>\n<p class=\"has-text-align-center has-medium-font-size\"><strong>Die freiwillige<br \/>Feuerwehr und ihre Aufgaben<\/strong><\/p>\n<p class=\"has-text-align-center\">Feuerwehrmann\/frau sein hei\u00dft, uneingeschr\u00e4nkt f\u00fcr die Idee<br \/>des Helfens einzutreten.<\/p>\n<p class=\"has-text-align-center\">Noch immer f\u00fchlen sich Frauen und M\u00e4nner im blauen Rock seit<br \/>Beginn der Feuerwehr dem gepr\u00e4gten Leitspruch: \u201eEiner f\u00fcr alle, alle f\u00fcr einen\u201c<br \/>verpflichtet. Die St\u00e4rke dieser Hilfeleistungsorganisationliegt in dem breiten<br \/>beruflichen Spektrum ihrer Mitglieder.<\/p>\n<p class=\"has-text-align-center\">Als Feuerwehrmann\/frau stellt jeder sein berufliches Wissen und seine Geschicklichkeit kostenlos f\u00fcr die Allgemeinheit zur Verf\u00fcgung.<\/p>\n<p class=\"has-text-align-center\">Die Fachliche Ausbildung erfolgt in den Standorten, sp\u00e4ter<br \/>an der Landesfeuerwehrschule.<\/p>\n<p class=\"has-text-align-center\">Ein\/e Feuerwehrmann\/frau muss nicht nur in Sekundenschnelle seine Schutzkleidung anlegen k\u00f6nnen, er\/sie muss auch innerhalb von Sekunden wichtige Entscheidungen treffen. Hierzu hat er\/sie eine Ausbildung durchlaufen, die sich an seine\/ihre Aufgaben orientiert.<\/p>\n<p class=\"has-text-align-center\">Brandbek\u00e4mpfung, Menschenrettung, Technische Hilfeleistung und Erste Hilfe sind einige Aufgaben, die ein Feuerwehrangeh\u00f6riger allein oder in der Gruppe beherrschen muss. Spezielle Aufgaben kommen \u2013 nach der Truppmannausbildung \u2013 dazu.<\/p>\n<p class=\"has-text-align-center\">Atemschutzger\u00e4tetr\u00e4ger erm\u00f6glichen die Menschenrettung aus<br \/>verqualmten R\u00e4umen. Die Sprechfunker in der Feuerwehr sichern \u00fcber \u201edas<br \/>unsichtbare Netz\u201c die Verst\u00e4rkung der Einsatzkr\u00e4fte, die fachgerechte<br \/>Versorgung und den Transport von Verletzten. Ob es der Maschinist ist, der die<br \/>Leistung seiner Maschine genau kennt, oder der Gruppenf\u00fchrer, der im Falle<br \/>eines Brandbek\u00e4mpfungseinsatz die richtigen Gegenma\u00dfnahmen einleiten muss, die<br \/>Aufgabe des Feuerwehrmitglieds werden vom Einsatzgeschehen bestimmt.<\/p>\n<p><!-- \/wp:paragraph --><\/p>\n<p><!-- wp:image {\"align\":\"center\",\"id\":48374,\"width\":267,\"height\":156} --><\/p>\n<div class=\"wp-block-image\">\n<figure class=\"aligncenter is-resized\"><img loading=\"lazy\" class=\"wp-image-48374\" src=\"http:\/\/www.feuerwehr-volkmarode.de\/wp-content\/uploads\/2020\/07\/Stempel-removebg-preview.png\" alt=\"\" width=\"267\" height=\"156\" srcset=\"https:\/\/www.feuerwehr-volkmarode.de\/wp-content\/uploads\/2020\/07\/Stempel-removebg-preview.png 652w, https:\/\/www.feuerwehr-volkmarode.de\/wp-content\/uploads\/2020\/07\/Stempel-removebg-preview-300x176.png 300w\" sizes=\"(max-width: 267px) 100vw, 267px\" \/><\/figure>\n<\/div>\n<p><!-- \/wp:image --><\/p>\n<p><!-- wp:paragraph {\"align\":\"center\"} --><\/p>\n<p class=\"has-text-align-center\">Ein Feuerwehrmitglied muss seine Aufgabe beherrschen, damit die Gefahr nicht die Feuerwehr beherrscht.<\/p>\n<p><!-- \/wp:paragraph --><\/p><\/div>\n\t\t\t\t<\/div>\n\t\t\t\t<\/div>\n\t\t\t\t\t\t<\/div>\n\t\t\t\t\t<\/div>\n\t\t<\/div>\n\t\t\t\t\t\t\t\t<\/div>\n\t\t\t\t\t<\/div>\n\t\t<\/section>\n\t\t\t\t<section class=\"elementor-section elementor-top-section elementor-element elementor-element-141fc0c elementor-section-boxed elementor-section-height-default elementor-section-height-default\" data-id=\"141fc0c\" data-element_type=\"section\">\n\t\t\t\t\t\t<div class=\"elementor-container elementor-column-gap-default\">\n\t\t\t\t\t\t\t<div class=\"elementor-row\">\n\t\t\t\t\t<div class=\"elementor-column elementor-col-100 elementor-top-column elementor-element elementor-element-008ce2f\" data-id=\"008ce2f\" data-element_type=\"column\">\n\t\t\t<div class=\"elementor-column-wrap elementor-element-populated\">\n\t\t\t\t\t\t\t<div class=\"elementor-widget-wrap\">\n\t\t\t\t\t\t<div class=\"elementor-element elementor-element-6176aae elementor-shape-rounded elementor-grid-0 e-grid-align-center elementor-widget elementor-widget-social-icons\" data-id=\"6176aae\" data-element_type=\"widget\" data-widget_type=\"social-icons.default\">\n\t\t\t\t<div class=\"elementor-widget-container\">\n\t\t\t\t\t<div class=\"elementor-social-icons-wrapper elementor-grid\">\n\t\t\t\t\t\t\t<div class=\"elementor-grid-item\">\n\t\t\t\t\t<a class=\"elementor-icon elementor-social-icon elementor-social-icon-facebook elementor-repeater-item-c52fe94\" href=\"https:\/\/www.facebook.com\/ffwvolkmarode\" target=\"_blank\">\n\t\t\t\t\t\t<span class=\"elementor-screen-only\">Facebook<\/span>\n\t\t\t\t\t\t<i class=\"fab fa-facebook\"><\/i>\t\t\t\t\t<\/a>\n\t\t\t\t<\/div>\n\t\t\t\t\t\t\t<div class=\"elementor-grid-item\">\n\t\t\t\t\t<a class=\"elementor-icon elementor-social-icon elementor-social-icon-instagram elementor-repeater-item-4d8928b\" href=\"https:\/\/www.instagram.com\/feuerwehr_volkmarode\/\" target=\"_blank\">\n\t\t\t\t\t\t<span class=\"elementor-screen-only\">Instagram<\/span>\n\t\t\t\t\t\t<i class=\"fab fa-instagram\"><\/i>\t\t\t\t\t<\/a>\n\t\t\t\t<\/div>\n\t\t\t\t\t\t\t<div class=\"elementor-grid-item\">\n\t\t\t\t\t<a class=\"elementor-icon elementor-social-icon elementor-social-icon-instagram elementor-repeater-item-48933a3\" href=\"https:\/\/www.instagram.com\/jugendfeuerwehr_volkmarode\/\" target=\"_blank\">\n\t\t\t\t\t\t<span class=\"elementor-screen-only\">Instagram<\/span>\n\t\t\t\t\t\t<i class=\"fab fa-instagram\"><\/i>\t\t\t\t\t<\/a>\n\t\t\t\t<\/div>\n\t\t\t\t\t<\/div>\n\t\t\t\t<\/div>\n\t\t\t\t<\/div>\n\t\t\t\t\t\t<\/div>\n\t\t\t\t\t<\/div>\n\t\t<\/div>\n\t\t\t\t\t\t\t\t<\/div>\n\t\t\t\t\t<\/div>\n\t\t<\/section>\n\t\t\t\t\t\t<\/div>\n\t\t\t\t\t\t<\/div>\n\t\t\t\t\t<\/div>\n\t\t","protected":false},"excerpt":{"rendered":"<p>Unsere Aufgabe L\u00f6schen Bergen Sch\u00fctzen Retten Die Ortsfeuerwehr Volkmarode ist ein fester Bestandteil der Feuerwehr Braunschweig. Im Gegensatz zur Berufsfeuerwehr Braunschweig besteht die Ortsfeuerwehr Volkmarode ausschlie\u00dflich aus ehrenamtlichen Einwohnern des Ortes, bzw. umliegenden D\u00f6rfern. Die Ortsfeuerwehr hat ihren eigenen Zust\u00e4ndigkeitsbereich. Dieser erstreckt sich neben der Ortslage Volkmarode auch auf den Ortsteil Schapen und Gliesmarode. \u00a0Hier [&hellip;]<\/p>\n","protected":false},"author":3,"featured_media":0,"parent":0,"menu_order":0,"comment_status":"closed","ping_status":"open","template":"","meta":{"_monsterinsights_skip_tracking":false,"_monsterinsights_sitenote_active":false,"_monsterinsights_sitenote_note":"","_monsterinsights_sitenote_category":0,"spay_email":""},"aioseo_notices":[],"jetpack_sharing_enabled":true,"_links":{"self":[{"href":"https:\/\/www.feuerwehr-volkmarode.de\/index.php?rest_route=\/wp\/v2\/pages\/2"}],"collection":[{"href":"https:\/\/www.feuerwehr-volkmarode.de\/index.php?rest_route=\/wp\/v2\/pages"}],"about":[{"href":"https:\/\/www.feuerwehr-volkmarode.de\/index.php?rest_route=\/wp\/v2\/types\/page"}],"author":[{"embeddable":true,"href":"https:\/\/www.feuerwehr-volkmarode.de\/index.php?rest_route=\/wp\/v2\/users\/3"}],"replies":[{"embeddable":true,"href":"https:\/\/www.feuerwehr-volkmarode.de\/index.php?rest_route=%2Fwp%2Fv2%2Fcomments&post=2"}],"version-history":[{"count":141,"href":"https:\/\/www.feuerwehr-volkmarode.de\/index.php?rest_route=\/wp\/v2\/pages\/2\/revisions"}],"predecessor-version":[{"id":49710,"href":"https:\/\/www.feuerwehr-volkmarode.de\/index.php?rest_route=\/wp\/v2\/pages\/2\/revisions\/49710"}],"wp:attachment":[{"href":"https:\/\/www.feuerwehr-volkmarode.de\/index.php?rest_route=%2Fwp%2Fv2%2Fmedia&parent=2"}],"curies":[{"name":"wp","href":"https:\/\/api.w.org\/{rel}","templated":true}]}}